{"id":3,"date":"2023-03-17T13:31:52","date_gmt":"2023-03-17T18:31:52","guid":{"rendered":"https:\/\/vihan.com.co\/?page_id=3"},"modified":"2023-05-17T15:33:38","modified_gmt":"2023-05-17T20:33:38","slug":"politica-privacidad","status":"publish","type":"page","link":"https:\/\/vihan.com.co\/index.php\/politica-privacidad\/","title":{"rendered":"POL\u00cdTICAS DE PRIVACIDAD Y TRATAMIENTO DE DATOS."},"content":{"rendered":"\t\t<div data-elementor-type=\"wp-page\" data-elementor-id=\"3\" class=\"elementor elementor-3\">\n\t\t\t\t\t\t<section class=\"elementor-section elementor-top-section elementor-element elementor-element-7004fa85 elementor-section-boxed elementor-section-height-default elementor-section-height-default\" data-id=\"7004fa85\" data-element_type=\"section\" data-e-type=\"section\">\n\t\t\t\t\t\t<div class=\"elementor-container elementor-column-gap-default\">\n\t\t\t\t\t<div class=\"elementor-column elementor-col-100 elementor-top-column elementor-element elementor-element-a6b465a\" data-id=\"a6b465a\" data-element_type=\"column\" data-e-type=\"column\">\n\t\t\t<div class=\"elementor-widget-wrap elementor-element-populated\">\n\t\t\t\t\t\t<div class=\"elementor-element elementor-element-c2c1989 elementor-widget elementor-widget-heading\" data-id=\"c2c1989\" data-element_type=\"widget\" data-e-type=\"widget\" data-widget_type=\"heading.default\">\n\t\t\t\t<div class=\"elementor-widget-container\">\n\t\t\t\t\t<h2 class=\"elementor-heading-title elementor-size-default\">POL\u00cdTICAS DE PRIVACIDAD Y TRATAMIENTO DE DATOS.<\/h2>\t\t\t\t<\/div>\n\t\t\t\t<\/div>\n\t\t\t\t<div class=\"elementor-element elementor-element-229d40a elementor-widget elementor-widget-text-editor\" data-id=\"229d40a\" data-element_type=\"widget\" data-e-type=\"widget\" data-widget_type=\"text-editor.default\">\n\t\t\t\t<div class=\"elementor-widget-container\">\n\t\t\t\t\t\t\t\t\t<p>En VIHAN, estamos comprometidos con la protecci\u00f3n y privacidad de tus datos personales. Esta Pol\u00edtica de Privacidad tiene como objetivo informarte sobre c\u00f3mo recopilamos, utilizamos, divulgamos y protegemos la informaci\u00f3n que nos proporcionas al utilizar nuestros servicios en l\u00ednea y visitar nuestra tienda de ropa. Te recomendamos leer detenidamente esta pol\u00edtica para comprender nuestras pr\u00e1cticas de privacidad.<\/p>\n<ol>\n<li>\n<p>Informaci\u00f3n que recopilamos:<\/p>\n<ul>\n<li>Informaci\u00f3n personal: Recopilamos tu nombre, direcci\u00f3n, direcci\u00f3n de correo electr\u00f3nico, n\u00famero de tel\u00e9fono y otra informaci\u00f3n personal cuando te registras como cliente o realizas una compra en nuestra tienda en l\u00ednea.<\/li>\n<li>Informaci\u00f3n de pago: Si decides realizar una compra, recopilaremos la informaci\u00f3n necesaria para procesar el pago, como los detalles de tu tarjeta de cr\u00e9dito o los datos de tu cuenta de PayPal.<\/li>\n<li>Informaci\u00f3n de navegaci\u00f3n: Podemos recopilar informaci\u00f3n sobre tu dispositivo, direcci\u00f3n IP, tipo de navegador, p\u00e1ginas visitadas y otras actividades en nuestro sitio web para mejorar tu experiencia de usuario y personalizar nuestros servicios.<\/li>\n<\/ul>\n<\/li>\n<li>\n<p>Uso de la informaci\u00f3n:<\/p>\n<ul>\n<li>Utilizamos tu informaci\u00f3n personal para procesar tus pedidos, proporcionarte un servicio de atenci\u00f3n al cliente eficiente y enviarte actualizaciones sobre tu compra.<\/li>\n<li>La informaci\u00f3n de pago se utiliza exclusivamente para procesar transacciones y prevenir fraudes.<\/li>\n<li>Podemos utilizar la informaci\u00f3n recopilada para mejorar nuestros productos y servicios, realizar an\u00e1lisis estad\u00edsticos y enviar comunicaciones de marketing relevantes, siempre que hayas dado tu consentimiento para recibir dichas comunicaciones.<\/li>\n<\/ul>\n<\/li>\n<li>\n<p>Divulgaci\u00f3n de informaci\u00f3n:<\/p>\n<ul>\n<li>En VIHAN, no vendemos, alquilamos ni compartimos tu informaci\u00f3n personal con terceros, excepto cuando sea necesario para cumplir con nuestras obligaciones contractuales o legales, como la entrega de productos o la prevenci\u00f3n de fraudes.<\/li>\n<li>Podemos compartir tu informaci\u00f3n personal con proveedores de servicios de confianza que nos ayuden en nuestras operaciones comerciales, como servicios de pago o env\u00edo.<\/li>\n<li>Siempre que sea requerido por la ley o para proteger nuestros derechos legales, podremos divulgar tu informaci\u00f3n personal a las autoridades competentes.<\/li>\n<\/ul>\n<\/li>\n<li>\n<p>Protecci\u00f3n de la informaci\u00f3n:<\/p>\n<ul>\n<li>Implementamos medidas de seguridad t\u00e9cnicas y organizativas adecuadas para proteger tu informaci\u00f3n personal contra p\u00e9rdida, acceso no autorizado, divulgaci\u00f3n o alteraci\u00f3n.<\/li>\n<li>Utilizamos tecnolog\u00edas seguras de transmisi\u00f3n de datos (por ejemplo, cifrado SSL) al procesar informaci\u00f3n confidencial, como datos de pago.<\/li>\n<li>Sin embargo, debes tener en cuenta que ning\u00fan sistema de transmisi\u00f3n de datos por Internet o m\u00e9todo de almacenamiento electr\u00f3nico es 100% seguro. Aunque nos esforzamos por proteger tu informaci\u00f3n, no podemos garantizar su seguridad absoluta.<\/li>\n<\/ul>\n<\/li>\n<li>\n<p>Tus derechos:<\/p>\n<ul>\n<li>Tienes el derecho de acceder, corregir, actualizar o eliminar tu informaci\u00f3n personal almacenada en nuestra base de datos.<\/li>\n<li>Puedes optar por no recibir comunicaciones de marketing por nuestra parte en cualquier momento, utilizando los enlaces de cancelaci\u00f3n de suscripci\u00f3n proporcionados en dichas comunicaciones.<\/li>\n<li>Si deseas ejercer tus derechos o tienes alguna pregunta o inquietud sobre nuestra Pol\u00edtica de Privacidad, cont\u00e1ctanos a trav\u00e9s de los canales de atenci\u00f3n al cliente<\/li>\n<\/ul>\n<\/li>\n<\/ol>\t\t\t\t\t\t\t\t<\/div>\n\t\t\t\t<\/div>\n\t\t\t\t\t<\/div>\n\t\t<\/div>\n\t\t\t\t\t<\/div>\n\t\t<\/section>\n\t\t\t\t<\/div>\n\t\t","protected":false},"excerpt":{"rendered":"<p>POL\u00cdTICAS DE PRIVACIDAD Y TRATAMIENTO DE DATOS. En VIHAN, estamos comprometidos con la protecci\u00f3n y privacidad de tus datos personales. Esta Pol\u00edtica de Privacidad tiene como objetivo informarte sobre c\u00f3mo recopilamos, utilizamos, divulgamos y protegemos la informaci\u00f3n que nos proporcionas al utilizar nuestros servicios en l\u00ednea y visitar nuestra tienda de ropa. Te recomendamos leer [&hellip;]<\/p>\n","protected":false},"author":1,"featured_media":0,"parent":0,"menu_order":0,"comment_status":"closed","ping_status":"open","template":"","meta":{"footnotes":""},"class_list":["post-3","page","type-page","status-publish","hentry"],"jetpack-related-posts":[],"jetpack_sharing_enabled":true,"_links":{"self":[{"href":"https:\/\/vihan.com.co\/index.php\/wp-json\/wp\/v2\/pages\/3","targetHints":{"allow":["GET"]}}],"collection":[{"href":"https:\/\/vihan.com.co\/index.php\/wp-json\/wp\/v2\/pages"}],"about":[{"href":"https:\/\/vihan.com.co\/index.php\/wp-json\/wp\/v2\/types\/page"}],"author":[{"embeddable":true,"href":"https:\/\/vihan.com.co\/index.php\/wp-json\/wp\/v2\/users\/1"}],"replies":[{"embeddable":true,"href":"https:\/\/vihan.com.co\/index.php\/wp-json\/wp\/v2\/comments?post=3"}],"version-history":[{"count":13,"href":"https:\/\/vihan.com.co\/index.php\/wp-json\/wp\/v2\/pages\/3\/revisions"}],"predecessor-version":[{"id":395,"href":"https:\/\/vihan.com.co\/index.php\/wp-json\/wp\/v2\/pages\/3\/revisions\/395"}],"wp:attachment":[{"href":"https:\/\/vihan.com.co\/index.php\/wp-json\/wp\/v2\/media?parent=3"}],"curies":[{"name":"wp","href":"https:\/\/api.w.org\/{rel}","templated":true}]}}