{"id":837,"date":"2026-05-12T22:33:55","date_gmt":"2026-05-13T03:33:55","guid":{"rendered":"https:\/\/vihan.com.co\/?post_type=product&#038;p=837"},"modified":"2026-05-12T22:35:25","modified_gmt":"2026-05-13T03:35:25","slug":"blusa-basica-flecos","status":"publish","type":"product","link":"https:\/\/vihan.com.co\/index.php\/producto\/blusa-basica-flecos\/","title":{"rendered":"Blusa b\u00e1sica flecos"},"content":{"rendered":"<p data-start=\"0\" data-end=\"23\">\u2728 Blusa B\u00e1sica Flecos \u2728<\/p>\n<p data-start=\"25\" data-end=\"308\">Luce un estilo moderno y elegante con nuestra blusa b\u00e1sica de flecos, perfecta para darle un toque chic y diferente a cualquier outfit. Su dise\u00f1o con flecos delicados en la parte frontal y espalda aporta movimiento y sofisticaci\u00f3n, ideal para ocasiones casuales o salidas especiales.<\/p>\n<p data-start=\"310\" data-end=\"541\">Disponible en color negro y beige, una prenda vers\u00e1til que puedes combinar f\u00e1cilmente con jeans, faldas o pantalones de vestir. Su tela suave y c\u00f3moda se adapta perfectamente al cuerpo, brindando frescura y estilo en cada uso. \ud83e\udd0d\ud83d\udda4<\/p>\n<p data-start=\"543\" data-end=\"718\" data-is-last-node=\"\" data-is-only-node=\"\">\u2022 Talla \u00fanica<br data-start=\"556\" data-end=\"559\" \/>\u2022 Colores disponibles: Negro y Beige<br data-start=\"595\" data-end=\"598\" \/>\u2022 Dise\u00f1o con flecos elegantes<br data-start=\"627\" data-end=\"630\" \/>\u2022 Tela suave y c\u00f3moda<br data-start=\"651\" data-end=\"654\" \/>\u2022 Estilo casual y sofisticado<br data-start=\"683\" data-end=\"686\" \/>\u2022 Ideal para cualquier ocasi\u00f3n \u2728<\/p>\n","protected":false},"excerpt":{"rendered":"<div class=\"qMYqUG_convSearchResultHighlightRoot\">\n<div class=\"\" data-turn-id-container=\"request-WEB:9ebe73c9-081c-460f-80ab-5bf75eb41ed6-10\" data-is-intersecting=\"true\">\n<div class=\"relative w-full overflow-visible\">\n<section class=\"text-token-text-primary w-full focus:outline-none [--shadow-height:45px] has-data-writing-block:pointer-events-none has-data-writing-block:-mt-(--shadow-height) has-data-writing-block:pt-(--shadow-height) [&amp;:has([data-writing-block])&gt;*]:pointer-events-auto R6Vx5W_threadScrollVars scroll-mb-[calc(var(--scroll-root-safe-area-inset-bottom,0px)+var(--thread-response-height))] scroll-mt-[calc(var(--header-height)+min(200px,max(70px,20svh)))]\" dir=\"auto\" data-turn-id=\"request-WEB:9ebe73c9-081c-460f-80ab-5bf75eb41ed6-10\" data-turn-id-container=\"request-WEB:9ebe73c9-081c-460f-80ab-5bf75eb41ed6-10\" data-testid=\"conversation-turn-22\" data-scroll-anchor=\"false\" data-turn=\"assistant\">\n<div class=\"text-base my-auto mx-auto pb-10 [--thread-content-margin:var(--thread-content-margin-xs,calc(var(--spacing)*4))] @w-sm\/main:[--thread-content-margin:var(--thread-content-margin-sm,calc(var(--spacing)*6))] @w-lg\/main:[--thread-content-margin:var(--thread-content-margin-lg,calc(var(--spacing)*16))] px-(--thread-content-margin)\">\n<div class=\"[--thread-content-max-width:40rem] @w-lg\/main:[--thread-content-max-width:48rem] mx-auto max-w-(--thread-content-max-width) flex-1 group\/turn-messages focus-visible:outline-hidden relative flex w-full min-w-0 flex-col agent-turn\">\n<div class=\"flex max-w-full flex-col gap-4 grow\">\n<div class=\"min-h-8 text-message relative flex w-full flex-col items-end gap-2 text-start break-words whitespace-normal outline-none keyboard-focused:focus-ring [.text-message+&amp;]:mt-1\" dir=\"auto\" tabindex=\"0\" data-message-author-role=\"assistant\" data-message-id=\"e36016fc-40ef-4a49-8505-e975936d6a6e\" data-message-model-slug=\"gpt-5-5\" data-turn-start-message=\"true\">\n<div class=\"flex w-full flex-col gap-1 empty:hidden\">\n<div class=\"markdown prose dark:prose-invert wrap-break-word w-full light markdown-new-styling\">\n<p data-start=\"0\" data-end=\"184\" data-is-last-node=\"\" data-is-only-node=\"\">Blusa b\u00e1sica con delicados flecos que aportan un toque elegante y moderno a tu look. Disponible en color negro y beige, en talla \u00fanica, perfecta para outfits casuales o sofisticados. \u2728<\/p>\n<\/div>\n<\/div>\n<\/div>\n<\/div>\n<\/div>\n<\/div>\n<\/section>\n<\/div>\n<\/div>\n<\/div>\n","protected":false},"featured_media":839,"comment_status":"open","ping_status":"closed","template":"","meta":[],"product_brand":[],"product_cat":[60],"product_tag":[63,61,62,64],"class_list":{"0":"post-837","1":"product","2":"type-product","3":"status-publish","4":"has-post-thumbnail","6":"product_cat-blusa","7":"product_tag-basica","8":"product_tag-blusas","9":"product_tag-flecos","10":"product_tag-vihan","12":"first","13":"instock","14":"shipping-taxable","15":"purchasable","16":"product-type-variable"},"jetpack-related-posts":[],"jetpack_sharing_enabled":true,"_links":{"self":[{"href":"https:\/\/vihan.com.co\/index.php\/wp-json\/wp\/v2\/product\/837","targetHints":{"allow":["GET"]}}],"collection":[{"href":"https:\/\/vihan.com.co\/index.php\/wp-json\/wp\/v2\/product"}],"about":[{"href":"https:\/\/vihan.com.co\/index.php\/wp-json\/wp\/v2\/types\/product"}],"replies":[{"embeddable":true,"href":"https:\/\/vihan.com.co\/index.php\/wp-json\/wp\/v2\/comments?post=837"}],"wp:featuredmedia":[{"embeddable":true,"href":"https:\/\/vihan.com.co\/index.php\/wp-json\/wp\/v2\/media\/839"}],"wp:attachment":[{"href":"https:\/\/vihan.com.co\/index.php\/wp-json\/wp\/v2\/media?parent=837"}],"wp:term":[{"taxonomy":"product_brand","embeddable":true,"href":"https:\/\/vihan.com.co\/index.php\/wp-json\/wp\/v2\/product_brand?post=837"},{"taxonomy":"product_cat","embeddable":true,"href":"https:\/\/vihan.com.co\/index.php\/wp-json\/wp\/v2\/product_cat?post=837"},{"taxonomy":"product_tag","embeddable":true,"href":"https:\/\/vihan.com.co\/index.php\/wp-json\/wp\/v2\/product_tag?post=837"}],"curies":[{"name":"wp","href":"https:\/\/api.w.org\/{rel}","templated":true}]}}